{"id":15,"date":"2011-04-15T12:18:04","date_gmt":"2011-04-15T12:18:04","guid":{"rendered":"http:\/\/grengechternach.lu\/wordpress\/?page_id=15"},"modified":"2020-06-18T15:29:11","modified_gmt":"2020-06-18T13:29:11","slug":"de-comite","status":"publish","type":"page","link":"http:\/\/grengechternach.lu\/wordpress\/de-comite\/","title":{"rendered":"De Comit\u00e9"},"content":{"rendered":"\n<p>Mir hunn d\u00e9i gr\u00e9ng Eechternoach en D\u00ebnschden den 13.7.2010 offiziell gegr\u00ebnnt.<\/p>\n\n\n\n<p>Den aktuellen Comit\u00e9 beteht aus folgenden Leit :<\/p>\n\n\n\n<ul><li>Raymond Becker, Pr\u00e4sident<\/li><li>Carole Zeimetz, Pr\u00e4sidentin<\/li><li>Christina Fogens, Tr\u00e9sori\u00e8re<\/li><\/ul>\n\n\n\n<ul><li>Christiane Dieschbourg<\/li><li>Caroline Ludwig<\/li><li>Ricardo Pacheco<\/li><li>Max Pesch<\/li><li>G\u00e9rard Schroeder<\/li><li>Vera Wantz<\/li><li>St\u00e9phanie Weidenaar<\/li><\/ul>\n\n\n\n<p>Ennerst\u00ebtz eis mat \u00e4rem Don:<\/p>\n\n\n\n<h5>BIC: BGLLLULL&nbsp;&nbsp; IBAN LU11 0030 4116 3501 0000<\/h5>\n","protected":false},"excerpt":{"rendered":"<p>Mir hunn d\u00e9i gr\u00e9ng Eechternoach en D\u00ebnschden den 13.7.2010 offiziell gegr\u00ebnnt. Den aktuellen Comit\u00e9 beteht aus folgenden Leit : Raymond Becker, Pr\u00e4sident Carole Zeimetz, Pr\u00e4sidentin Christina Fogens, Tr\u00e9sori\u00e8re Christiane Dieschbourg Caroline Ludwig Ricardo Pacheco Max Pesch G\u00e9rard Schroeder Vera Wantz St\u00e9phanie Weidenaar Ennerst\u00ebtz eis mat \u00e4rem Don: BIC: BGLLLULL&nbsp;&nbsp; IBAN LU11 0030 4116 3501 0000<\/p>\n","protected":false},"author":4,"featured_media":0,"parent":0,"menu_order":0,"comment_status":"closed","ping_status":"closed","template":"","meta":{"_et_pb_use_builder":"","_et_pb_old_content":"","_et_gb_content_width":""},"yoast_head":"<!-- This site is optimized with the Yoast SEO plugin v19.10 - https:\/\/yoast.com\/wordpress\/plugins\/seo\/ -->\n<title>De Comit\u00e9 - d\u00e9i gr\u00e9ng Eechternoach<\/title>\n<meta name=\"robots\" content=\"index, follow, max-snippet:-1, max-image-preview:large, max-video-preview:-1\" \/>\n<link rel=\"canonical\" href=\"http:\/\/grengechternach.lu\/wordpress\/de-comite\/\" \/>\n<meta property=\"og:locale\" content=\"de_DE\" \/>\n<meta property=\"og:type\" content=\"article\" \/>\n<meta property=\"og:title\" content=\"De Comit\u00e9 - d\u00e9i gr\u00e9ng Eechternoach\" \/>\n<meta property=\"og:description\" content=\"Mir hunn d\u00e9i gr\u00e9ng Eechternoach en D\u00ebnschden den 13.7.2010 offiziell gegr\u00ebnnt. Den aktuellen Comit\u00e9 beteht aus folgenden Leit : Raymond Becker, Pr\u00e4sident Carole Zeimetz, Pr\u00e4sidentin Christina Fogens, Tr\u00e9sori\u00e8re Christiane Dieschbourg Caroline Ludwig Ricardo Pacheco Max Pesch G\u00e9rard Schroeder Vera Wantz St\u00e9phanie Weidenaar Ennerst\u00ebtz eis mat \u00e4rem Don: BIC: BGLLLULL&nbsp;&nbsp; IBAN LU11 0030 4116 3501 0000\" \/>\n<meta property=\"og:url\" content=\"http:\/\/grengechternach.lu\/wordpress\/de-comite\/\" \/>\n<meta property=\"og:site_name\" content=\"d\u00e9i gr\u00e9ng Eechternoach\" \/>\n<meta property=\"article:publisher\" content=\"https:\/\/www.facebook.com\/grengechternach\/\" \/>\n<meta property=\"article:modified_time\" content=\"2020-06-18T13:29:11+00:00\" \/>\n<meta name=\"twitter:card\" content=\"summary_large_image\" \/>\n<script type=\"application\/ld+json\" class=\"yoast-schema-graph\">{\"@context\":\"https:\/\/schema.org\",\"@graph\":[{\"@type\":\"WebPage\",\"@id\":\"http:\/\/grengechternach.lu\/wordpress\/de-comite\/\",\"url\":\"http:\/\/grengechternach.lu\/wordpress\/de-comite\/\",\"name\":\"De Comit\u00e9 - d\u00e9i gr\u00e9ng Eechternoach\",\"isPartOf\":{\"@id\":\"http:\/\/grengechternach.lu\/wordpress\/#website\"},\"datePublished\":\"2011-04-15T12:18:04+00:00\",\"dateModified\":\"2020-06-18T13:29:11+00:00\",\"breadcrumb\":{\"@id\":\"http:\/\/grengechternach.lu\/wordpress\/de-comite\/#breadcrumb\"},\"inLanguage\":\"de\",\"potentialAction\":[{\"@type\":\"ReadAction\",\"target\":[\"http:\/\/grengechternach.lu\/wordpress\/de-comite\/\"]}]},{\"@type\":\"BreadcrumbList\",\"@id\":\"http:\/\/grengechternach.lu\/wordpress\/de-comite\/#breadcrumb\",\"itemListElement\":[{\"@type\":\"ListItem\",\"position\":1,\"name\":\"Startseite\",\"item\":\"http:\/\/grengechternach.lu\/wordpress\/\"},{\"@type\":\"ListItem\",\"position\":2,\"name\":\"De Comit\u00e9\"}]},{\"@type\":\"WebSite\",\"@id\":\"http:\/\/grengechternach.lu\/wordpress\/#website\",\"url\":\"http:\/\/grengechternach.lu\/wordpress\/\",\"name\":\"d\u00e9i gr\u00e9ng Eechternoach\",\"description\":\"\",\"publisher\":{\"@id\":\"http:\/\/grengechternach.lu\/wordpress\/#organization\"},\"potentialAction\":[{\"@type\":\"SearchAction\",\"target\":{\"@type\":\"EntryPoint\",\"urlTemplate\":\"http:\/\/grengechternach.lu\/wordpress\/?s={search_term_string}\"},\"query-input\":\"required name=search_term_string\"}],\"inLanguage\":\"de\"},{\"@type\":\"Organization\",\"@id\":\"http:\/\/grengechternach.lu\/wordpress\/#organization\",\"name\":\"d\u00e9i gr\u00e9ng Eechternoach\",\"url\":\"http:\/\/grengechternach.lu\/wordpress\/\",\"logo\":{\"@type\":\"ImageObject\",\"inLanguage\":\"de\",\"@id\":\"http:\/\/grengechternach.lu\/wordpress\/#\/schema\/logo\/image\/\",\"url\":\"http:\/\/grengechternach.lu\/wordpress\/wp-content\/uploads\/2017\/03\/greng-echternach-logo.png\",\"contentUrl\":\"http:\/\/grengechternach.lu\/wordpress\/wp-content\/uploads\/2017\/03\/greng-echternach-logo.png\",\"width\":151,\"height\":125,\"caption\":\"d\u00e9i gr\u00e9ng Eechternoach\"},\"image\":{\"@id\":\"http:\/\/grengechternach.lu\/wordpress\/#\/schema\/logo\/image\/\"},\"sameAs\":[\"https:\/\/www.instagram.com\/deigrengeechternoach\/\",\"https:\/\/www.facebook.com\/grengechternach\/\"]}]}<\/script>\n<!-- \/ Yoast SEO plugin. -->","yoast_head_json":{"title":"De Comit\u00e9 - d\u00e9i gr\u00e9ng Eechternoach","robots":{"index":"index","follow":"follow","max-snippet":"max-snippet:-1","max-image-preview":"max-image-preview:large","max-video-preview":"max-video-preview:-1"},"canonical":"http:\/\/grengechternach.lu\/wordpress\/de-comite\/","og_locale":"de_DE","og_type":"article","og_title":"De Comit\u00e9 - d\u00e9i gr\u00e9ng Eechternoach","og_description":"Mir hunn d\u00e9i gr\u00e9ng Eechternoach en D\u00ebnschden den 13.7.2010 offiziell gegr\u00ebnnt. Den aktuellen Comit\u00e9 beteht aus folgenden Leit : Raymond Becker, Pr\u00e4sident Carole Zeimetz, Pr\u00e4sidentin Christina Fogens, Tr\u00e9sori\u00e8re Christiane Dieschbourg Caroline Ludwig Ricardo Pacheco Max Pesch G\u00e9rard Schroeder Vera Wantz St\u00e9phanie Weidenaar Ennerst\u00ebtz eis mat \u00e4rem Don: BIC: BGLLLULL&nbsp;&nbsp; IBAN LU11 0030 4116 3501 0000","og_url":"http:\/\/grengechternach.lu\/wordpress\/de-comite\/","og_site_name":"d\u00e9i gr\u00e9ng Eechternoach","article_publisher":"https:\/\/www.facebook.com\/grengechternach\/","article_modified_time":"2020-06-18T13:29:11+00:00","twitter_card":"summary_large_image","schema":{"@context":"https:\/\/schema.org","@graph":[{"@type":"WebPage","@id":"http:\/\/grengechternach.lu\/wordpress\/de-comite\/","url":"http:\/\/grengechternach.lu\/wordpress\/de-comite\/","name":"De Comit\u00e9 - d\u00e9i gr\u00e9ng Eechternoach","isPartOf":{"@id":"http:\/\/grengechternach.lu\/wordpress\/#website"},"datePublished":"2011-04-15T12:18:04+00:00","dateModified":"2020-06-18T13:29:11+00:00","breadcrumb":{"@id":"http:\/\/grengechternach.lu\/wordpress\/de-comite\/#breadcrumb"},"inLanguage":"de","potentialAction":[{"@type":"ReadAction","target":["http:\/\/grengechternach.lu\/wordpress\/de-comite\/"]}]},{"@type":"BreadcrumbList","@id":"http:\/\/grengechternach.lu\/wordpress\/de-comite\/#breadcrumb","itemListElement":[{"@type":"ListItem","position":1,"name":"Startseite","item":"http:\/\/grengechternach.lu\/wordpress\/"},{"@type":"ListItem","position":2,"name":"De Comit\u00e9"}]},{"@type":"WebSite","@id":"http:\/\/grengechternach.lu\/wordpress\/#website","url":"http:\/\/grengechternach.lu\/wordpress\/","name":"d\u00e9i gr\u00e9ng Eechternoach","description":"","publisher":{"@id":"http:\/\/grengechternach.lu\/wordpress\/#organization"},"potentialAction":[{"@type":"SearchAction","target":{"@type":"EntryPoint","urlTemplate":"http:\/\/grengechternach.lu\/wordpress\/?s={search_term_string}"},"query-input":"required name=search_term_string"}],"inLanguage":"de"},{"@type":"Organization","@id":"http:\/\/grengechternach.lu\/wordpress\/#organization","name":"d\u00e9i gr\u00e9ng Eechternoach","url":"http:\/\/grengechternach.lu\/wordpress\/","logo":{"@type":"ImageObject","inLanguage":"de","@id":"http:\/\/grengechternach.lu\/wordpress\/#\/schema\/logo\/image\/","url":"http:\/\/grengechternach.lu\/wordpress\/wp-content\/uploads\/2017\/03\/greng-echternach-logo.png","contentUrl":"http:\/\/grengechternach.lu\/wordpress\/wp-content\/uploads\/2017\/03\/greng-echternach-logo.png","width":151,"height":125,"caption":"d\u00e9i gr\u00e9ng Eechternoach"},"image":{"@id":"http:\/\/grengechternach.lu\/wordpress\/#\/schema\/logo\/image\/"},"sameAs":["https:\/\/www.instagram.com\/deigrengeechternoach\/","https:\/\/www.facebook.com\/grengechternach\/"]}]}},"_links":{"self":[{"href":"http:\/\/grengechternach.lu\/wordpress\/wp-json\/wp\/v2\/pages\/15"}],"collection":[{"href":"http:\/\/grengechternach.lu\/wordpress\/wp-json\/wp\/v2\/pages"}],"about":[{"href":"http:\/\/grengechternach.lu\/wordpress\/wp-json\/wp\/v2\/types\/page"}],"author":[{"embeddable":true,"href":"http:\/\/grengechternach.lu\/wordpress\/wp-json\/wp\/v2\/users\/4"}],"replies":[{"embeddable":true,"href":"http:\/\/grengechternach.lu\/wordpress\/wp-json\/wp\/v2\/comments?post=15"}],"version-history":[{"count":22,"href":"http:\/\/grengechternach.lu\/wordpress\/wp-json\/wp\/v2\/pages\/15\/revisions"}],"predecessor-version":[{"id":1953,"href":"http:\/\/grengechternach.lu\/wordpress\/wp-json\/wp\/v2\/pages\/15\/revisions\/1953"}],"wp:attachment":[{"href":"http:\/\/grengechternach.lu\/wordpress\/wp-json\/wp\/v2\/media?parent=15"}],"curies":[{"name":"wp","href":"https:\/\/api.w.org\/{rel}","templated":true}]}}