{"id":293,"date":"2011-06-19T22:27:39","date_gmt":"2011-06-19T20:27:39","guid":{"rendered":"http:\/\/grengechternach.lu\/wordpress\/?page_id=293"},"modified":"2011-06-22T15:54:46","modified_gmt":"2011-06-22T13:54:46","slug":"ar-equipe","status":"publish","type":"page","link":"http:\/\/grengechternach.lu\/wordpress\/eis-ekipp\/ar-equipe\/","title":{"rendered":"\u00c4r \u00c9quipe"},"content":{"rendered":"<map name=\"kandidaten\">\n<area shape=\"rect\" coords=\"74,234,202,425\" href=\"http:\/\/grengechternach.lu\/wordpress\/?page_id=388\" \/>\n<area shape=\"rect\" coords=\"113,194,201,230\" href=\"http:\/\/grengechternach.lu\/wordpress\/?page_id=362\" \/>\n<area shape=\"rect\" coords=\"202,175,239,423\" href=\"http:\/\/grengechternach.lu\/wordpress\/?page_id=393\" \/>\n<area shape=\"rect\" coords=\"240,188,259,425\" href=\"http:\/\/grengechternach.lu\/wordpress\/?page_id=395\" \/>\n<area shape=\"rect\" coords=\"260,187,293,423\" href=\"http:\/\/grengechternach.lu\/wordpress\/?page_id=376\" \/>\n<area shape=\"rect\" coords=\"294,192,330,425\" href=\"http:\/\/grengechternach.lu\/wordpress\/?page_id=397\" \/>\n<area shape=\"rect\" coords=\"332,192,376,425\" href=\"http:\/\/grengechternach.lu\/wordpress\/?page_id=299\" \/>\n<area shape=\"rect\" coords=\"377,197,406,425\" href=\"http:\/\/grengechternach.lu\/wordpress\/?page_id=384\" \/>\n<area shape=\"rect\" coords=\"406,197,430,424\" href=\"http:\/\/grengechternach.lu\/wordpress\/?page_id=386\" \/>\n<area shape=\"rect\" coords=\"432,197,465,424\" href=\"http:\/\/grengechternach.lu\/wordpress\/?page_id=336\" \/>\n<area shape=\"rect\" coords=\"466,196,633,425\" href=\"http:\/\/grengechternach.lu\/wordpress\/?page_id=379\" \/> <\/map>\n<h2>Kompetent, eeneg, einfach staark!<\/h2>\n<p><img decoding=\"async\" loading=\"lazy\" class=\"aligncenter size-large wp-image-288\" title=\"Photo_Leschtb\" usemap=\"#kandidaten\" src=\"http:\/\/grengechternach.lu\/wordpress\/wp-content\/uploads\/2011\/04\/Photo_Leschtb-640x426.jpg\" alt=\"\" width=\"640\" height=\"426\" srcset=\"http:\/\/grengechternach.lu\/wordpress\/wp-content\/uploads\/2011\/04\/Photo_Leschtb-640x426.jpg 640w, http:\/\/grengechternach.lu\/wordpress\/wp-content\/uploads\/2011\/04\/Photo_Leschtb-300x200.jpg 300w, http:\/\/grengechternach.lu\/wordpress\/wp-content\/uploads\/2011\/04\/Photo_Leschtb-150x100.jpg 150w, http:\/\/grengechternach.lu\/wordpress\/wp-content\/uploads\/2011\/04\/Photo_Leschtb-400x266.jpg 400w, http:\/\/grengechternach.lu\/wordpress\/wp-content\/uploads\/2011\/04\/Photo_Leschtb.jpg 903w\" sizes=\"(max-width: 640px) 100vw, 640px\" \/>vlnr: <a href=\"http:\/\/grengechternach.lu\/wordpress\/?page_id=388\">M\u00e9lanie Schenten<\/a>, <a href=\"http:\/\/grengechternach.lu\/wordpress\/?page_id=362\">Andr\u00e9 Borrelli<\/a>, <a href=\"http:\/\/grengechternach.lu\/wordpress\/?page_id=393\">G\u00e9rard Schroeder<\/a>, <a href=\"http:\/\/grengechternach.lu\/wordpress\/?page_id=395\">Steve Wengler<\/a>,  <a href=\"http:\/\/grengechternach.lu\/wordpress\/?page_id=376\">Marcel Fellerich<\/a>,<a href=\"http:\/\/grengechternach.lu\/wordpress\/?page_id=397\"> Carole Zeimetz<\/a>, <a href=\"http:\/\/grengechternach.lu\/wordpress\/?page_id=299\">Raymond Becker<\/a>,<a href=\"http:\/\/grengechternach.lu\/wordpress\/?page_id=384\"> Caroline Ludwig<\/a>, <a href=\"http:\/\/grengechternach.lu\/wordpress\/?page_id=386 \">Max\u00a0  Pesch<\/a>, <a href=\"http:\/\/grengechternach.lu\/wordpress\/?page_id=336 \">Carole Dieschbourg<\/a>, <a href=\"http:\/\/grengechternach.lu\/wordpress\/?page_id=379\">Philippe Hav\u00e9<\/a>.<\/p>\n","protected":false},"excerpt":{"rendered":"<p>Kompetent, eeneg, einfach staark! vlnr: M\u00e9lanie Schenten, Andr\u00e9 Borrelli, G\u00e9rard Schroeder, Steve Wengler, Marcel Fellerich, Carole Zeimetz, Raymond Becker, Caroline Ludwig, Max\u00a0 Pesch, Carole Dieschbourg, Philippe Hav\u00e9.<\/p>\n","protected":false},"author":4,"featured_media":0,"parent":4,"menu_order":0,"comment_status":"closed","ping_status":"closed","template":"","meta":{"_et_pb_use_builder":"","_et_pb_old_content":"","_et_gb_content_width":""},"yoast_head":"<!-- This site is optimized with the Yoast SEO plugin v19.10 - https:\/\/yoast.com\/wordpress\/plugins\/seo\/ -->\n<title>\u00c4r \u00c9quipe - d\u00e9i gr\u00e9ng Eechternoach<\/title>\n<meta name=\"robots\" content=\"index, follow, max-snippet:-1, max-image-preview:large, max-video-preview:-1\" \/>\n<link rel=\"canonical\" href=\"http:\/\/grengechternach.lu\/wordpress\/eis-ekipp\/ar-equipe\/\" \/>\n<meta property=\"og:locale\" content=\"de_DE\" \/>\n<meta property=\"og:type\" content=\"article\" \/>\n<meta property=\"og:title\" content=\"\u00c4r \u00c9quipe - d\u00e9i gr\u00e9ng Eechternoach\" \/>\n<meta property=\"og:description\" content=\"Kompetent, eeneg, einfach staark! vlnr: M\u00e9lanie Schenten, Andr\u00e9 Borrelli, G\u00e9rard Schroeder, Steve Wengler, Marcel Fellerich, Carole Zeimetz, Raymond Becker, Caroline Ludwig, Max\u00a0 Pesch, Carole Dieschbourg, Philippe Hav\u00e9.\" \/>\n<meta property=\"og:url\" content=\"http:\/\/grengechternach.lu\/wordpress\/eis-ekipp\/ar-equipe\/\" \/>\n<meta property=\"og:site_name\" content=\"d\u00e9i gr\u00e9ng Eechternoach\" \/>\n<meta property=\"article:publisher\" content=\"https:\/\/www.facebook.com\/grengechternach\/\" \/>\n<meta property=\"article:modified_time\" content=\"2011-06-22T13:54:46+00:00\" \/>\n<meta property=\"og:image\" content=\"http:\/\/grengechternach.lu\/wordpress\/wp-content\/uploads\/2011\/04\/Photo_Leschtb-640x426.jpg\" \/>\n<meta name=\"twitter:card\" content=\"summary_large_image\" \/>\n<script type=\"application\/ld+json\" class=\"yoast-schema-graph\">{\"@context\":\"https:\/\/schema.org\",\"@graph\":[{\"@type\":\"WebPage\",\"@id\":\"http:\/\/grengechternach.lu\/wordpress\/eis-ekipp\/ar-equipe\/\",\"url\":\"http:\/\/grengechternach.lu\/wordpress\/eis-ekipp\/ar-equipe\/\",\"name\":\"\u00c4r \u00c9quipe - d\u00e9i gr\u00e9ng Eechternoach\",\"isPartOf\":{\"@id\":\"http:\/\/grengechternach.lu\/wordpress\/#website\"},\"datePublished\":\"2011-06-19T20:27:39+00:00\",\"dateModified\":\"2011-06-22T13:54:46+00:00\",\"breadcrumb\":{\"@id\":\"http:\/\/grengechternach.lu\/wordpress\/eis-ekipp\/ar-equipe\/#breadcrumb\"},\"inLanguage\":\"de\",\"potentialAction\":[{\"@type\":\"ReadAction\",\"target\":[\"http:\/\/grengechternach.lu\/wordpress\/eis-ekipp\/ar-equipe\/\"]}]},{\"@type\":\"BreadcrumbList\",\"@id\":\"http:\/\/grengechternach.lu\/wordpress\/eis-ekipp\/ar-equipe\/#breadcrumb\",\"itemListElement\":[{\"@type\":\"ListItem\",\"position\":1,\"name\":\"Startseite\",\"item\":\"http:\/\/grengechternach.lu\/wordpress\/\"},{\"@type\":\"ListItem\",\"position\":2,\"name\":\"Wahlen 2011\",\"item\":\"https:\/\/grengechternach.lu\/wordpress\/eis-ekipp\/\"},{\"@type\":\"ListItem\",\"position\":3,\"name\":\"\u00c4r \u00c9quipe\"}]},{\"@type\":\"WebSite\",\"@id\":\"http:\/\/grengechternach.lu\/wordpress\/#website\",\"url\":\"http:\/\/grengechternach.lu\/wordpress\/\",\"name\":\"d\u00e9i gr\u00e9ng Eechternoach\",\"description\":\"\",\"publisher\":{\"@id\":\"http:\/\/grengechternach.lu\/wordpress\/#organization\"},\"potentialAction\":[{\"@type\":\"SearchAction\",\"target\":{\"@type\":\"EntryPoint\",\"urlTemplate\":\"http:\/\/grengechternach.lu\/wordpress\/?s={search_term_string}\"},\"query-input\":\"required name=search_term_string\"}],\"inLanguage\":\"de\"},{\"@type\":\"Organization\",\"@id\":\"http:\/\/grengechternach.lu\/wordpress\/#organization\",\"name\":\"d\u00e9i gr\u00e9ng Eechternoach\",\"url\":\"http:\/\/grengechternach.lu\/wordpress\/\",\"logo\":{\"@type\":\"ImageObject\",\"inLanguage\":\"de\",\"@id\":\"http:\/\/grengechternach.lu\/wordpress\/#\/schema\/logo\/image\/\",\"url\":\"http:\/\/grengechternach.lu\/wordpress\/wp-content\/uploads\/2017\/03\/greng-echternach-logo.png\",\"contentUrl\":\"http:\/\/grengechternach.lu\/wordpress\/wp-content\/uploads\/2017\/03\/greng-echternach-logo.png\",\"width\":151,\"height\":125,\"caption\":\"d\u00e9i gr\u00e9ng Eechternoach\"},\"image\":{\"@id\":\"http:\/\/grengechternach.lu\/wordpress\/#\/schema\/logo\/image\/\"},\"sameAs\":[\"https:\/\/www.instagram.com\/deigrengeechternoach\/\",\"https:\/\/www.facebook.com\/grengechternach\/\"]}]}<\/script>\n<!-- \/ Yoast SEO plugin. -->","yoast_head_json":{"title":"\u00c4r \u00c9quipe - d\u00e9i gr\u00e9ng Eechternoach","robots":{"index":"index","follow":"follow","max-snippet":"max-snippet:-1","max-image-preview":"max-image-preview:large","max-video-preview":"max-video-preview:-1"},"canonical":"http:\/\/grengechternach.lu\/wordpress\/eis-ekipp\/ar-equipe\/","og_locale":"de_DE","og_type":"article","og_title":"\u00c4r \u00c9quipe - d\u00e9i gr\u00e9ng Eechternoach","og_description":"Kompetent, eeneg, einfach staark! vlnr: M\u00e9lanie Schenten, Andr\u00e9 Borrelli, G\u00e9rard Schroeder, Steve Wengler, Marcel Fellerich, Carole Zeimetz, Raymond Becker, Caroline Ludwig, Max\u00a0 Pesch, Carole Dieschbourg, Philippe Hav\u00e9.","og_url":"http:\/\/grengechternach.lu\/wordpress\/eis-ekipp\/ar-equipe\/","og_site_name":"d\u00e9i gr\u00e9ng Eechternoach","article_publisher":"https:\/\/www.facebook.com\/grengechternach\/","article_modified_time":"2011-06-22T13:54:46+00:00","og_image":[{"url":"http:\/\/grengechternach.lu\/wordpress\/wp-content\/uploads\/2011\/04\/Photo_Leschtb-640x426.jpg"}],"twitter_card":"summary_large_image","schema":{"@context":"https:\/\/schema.org","@graph":[{"@type":"WebPage","@id":"http:\/\/grengechternach.lu\/wordpress\/eis-ekipp\/ar-equipe\/","url":"http:\/\/grengechternach.lu\/wordpress\/eis-ekipp\/ar-equipe\/","name":"\u00c4r \u00c9quipe - d\u00e9i gr\u00e9ng Eechternoach","isPartOf":{"@id":"http:\/\/grengechternach.lu\/wordpress\/#website"},"datePublished":"2011-06-19T20:27:39+00:00","dateModified":"2011-06-22T13:54:46+00:00","breadcrumb":{"@id":"http:\/\/grengechternach.lu\/wordpress\/eis-ekipp\/ar-equipe\/#breadcrumb"},"inLanguage":"de","potentialAction":[{"@type":"ReadAction","target":["http:\/\/grengechternach.lu\/wordpress\/eis-ekipp\/ar-equipe\/"]}]},{"@type":"BreadcrumbList","@id":"http:\/\/grengechternach.lu\/wordpress\/eis-ekipp\/ar-equipe\/#breadcrumb","itemListElement":[{"@type":"ListItem","position":1,"name":"Startseite","item":"http:\/\/grengechternach.lu\/wordpress\/"},{"@type":"ListItem","position":2,"name":"Wahlen 2011","item":"https:\/\/grengechternach.lu\/wordpress\/eis-ekipp\/"},{"@type":"ListItem","position":3,"name":"\u00c4r \u00c9quipe"}]},{"@type":"WebSite","@id":"http:\/\/grengechternach.lu\/wordpress\/#website","url":"http:\/\/grengechternach.lu\/wordpress\/","name":"d\u00e9i gr\u00e9ng Eechternoach","description":"","publisher":{"@id":"http:\/\/grengechternach.lu\/wordpress\/#organization"},"potentialAction":[{"@type":"SearchAction","target":{"@type":"EntryPoint","urlTemplate":"http:\/\/grengechternach.lu\/wordpress\/?s={search_term_string}"},"query-input":"required name=search_term_string"}],"inLanguage":"de"},{"@type":"Organization","@id":"http:\/\/grengechternach.lu\/wordpress\/#organization","name":"d\u00e9i gr\u00e9ng Eechternoach","url":"http:\/\/grengechternach.lu\/wordpress\/","logo":{"@type":"ImageObject","inLanguage":"de","@id":"http:\/\/grengechternach.lu\/wordpress\/#\/schema\/logo\/image\/","url":"http:\/\/grengechternach.lu\/wordpress\/wp-content\/uploads\/2017\/03\/greng-echternach-logo.png","contentUrl":"http:\/\/grengechternach.lu\/wordpress\/wp-content\/uploads\/2017\/03\/greng-echternach-logo.png","width":151,"height":125,"caption":"d\u00e9i gr\u00e9ng Eechternoach"},"image":{"@id":"http:\/\/grengechternach.lu\/wordpress\/#\/schema\/logo\/image\/"},"sameAs":["https:\/\/www.instagram.com\/deigrengeechternoach\/","https:\/\/www.facebook.com\/grengechternach\/"]}]}},"_links":{"self":[{"href":"http:\/\/grengechternach.lu\/wordpress\/wp-json\/wp\/v2\/pages\/293"}],"collection":[{"href":"http:\/\/grengechternach.lu\/wordpress\/wp-json\/wp\/v2\/pages"}],"about":[{"href":"http:\/\/grengechternach.lu\/wordpress\/wp-json\/wp\/v2\/types\/page"}],"author":[{"embeddable":true,"href":"http:\/\/grengechternach.lu\/wordpress\/wp-json\/wp\/v2\/users\/4"}],"replies":[{"embeddable":true,"href":"http:\/\/grengechternach.lu\/wordpress\/wp-json\/wp\/v2\/comments?post=293"}],"version-history":[{"count":9,"href":"http:\/\/grengechternach.lu\/wordpress\/wp-json\/wp\/v2\/pages\/293\/revisions"}],"predecessor-version":[{"id":452,"href":"http:\/\/grengechternach.lu\/wordpress\/wp-json\/wp\/v2\/pages\/293\/revisions\/452"}],"up":[{"embeddable":true,"href":"http:\/\/grengechternach.lu\/wordpress\/wp-json\/wp\/v2\/pages\/4"}],"wp:attachment":[{"href":"http:\/\/grengechternach.lu\/wordpress\/wp-json\/wp\/v2\/media?parent=293"}],"curies":[{"name":"wp","href":"https:\/\/api.w.org\/{rel}","templated":true}]}}