{"id":336,"date":"2011-06-21T23:31:44","date_gmt":"2011-06-21T21:31:44","guid":{"rendered":"http:\/\/grengechternach.lu\/wordpress\/?page_id=336"},"modified":"2011-06-22T15:10:25","modified_gmt":"2011-06-22T13:10:25","slug":"carole-dieschbourg","status":"publish","type":"page","link":"http:\/\/grengechternach.lu\/wordpress\/eis-ekipp\/ar-equipe\/carole-dieschbourg\/","title":{"rendered":"Carole Dieschbourg"},"content":{"rendered":"<p><img decoding=\"async\" loading=\"lazy\" class=\"alignleft size-full wp-image-333\" title=\"Carole Dieschbourg\" src=\"http:\/\/grengechternach.lu\/wordpress\/wp-content\/uploads\/2011\/06\/carole-dieschbourg.jpg\" alt=\"\" width=\"300\" height=\"450\" srcset=\"http:\/\/grengechternach.lu\/wordpress\/wp-content\/uploads\/2011\/06\/carole-dieschbourg.jpg 300w, http:\/\/grengechternach.lu\/wordpress\/wp-content\/uploads\/2011\/06\/carole-dieschbourg-200x300.jpg 200w, http:\/\/grengechternach.lu\/wordpress\/wp-content\/uploads\/2011\/06\/carole-dieschbourg-100x150.jpg 100w\" sizes=\"(max-width: 300px) 100vw, 300px\" \/><\/p>\n<p>&nbsp;<\/p>\n<p>34 Joer<\/p>\n<p>Zesummen mam Claude Hansen.<\/p>\n<p>Schafft am Familljebtrieb (Millen a Kaffisr\u00e9ischterei)<\/p>\n<p>M.A. an 1. Staatsexamen an Germanistik a Geschicht<\/p>\n<p>Aktiv an der Region M\u00ebllerdall: als Member a Matinitiator vun den M\u00ebllerdaller Regionalproduzenten, enger Leader-initiativ an als Buchautorin vun \u201cDie M\u00fchlen des M\u00fcllerthals\u201d<\/p>\n<p>Am Comit\u00e9 vum Mouvement \u00e9cologique Regioun M\u00ebllerdall<\/p>\n<p>2010 bis Ufank 2011 am Viirstand vun \u00ab\u00a0d\u00e9i gr\u00e9ng\u00a0\u00bb<\/p>\n<p>Hobbien: Danzen, Volleyball, D\u00e9ieren<\/p>\n","protected":false},"excerpt":{"rendered":"<p>&nbsp; 34 Joer Zesummen mam Claude Hansen. Schafft am Familljebtrieb (Millen a Kaffisr\u00e9ischterei) M.A. an 1. Staatsexamen an Germanistik a Geschicht Aktiv an der Region M\u00ebllerdall: als Member a Matinitiator vun den M\u00ebllerdaller Regionalproduzenten, enger Leader-initiativ an als Buchautorin vun \u201cDie M\u00fchlen des M\u00fcllerthals\u201d Am Comit\u00e9 vum Mouvement \u00e9cologique Regioun M\u00ebllerdall 2010 bis Ufank 2011 [&hellip;]<\/p>\n","protected":false},"author":4,"featured_media":0,"parent":293,"menu_order":2,"comment_status":"closed","ping_status":"open","template":"","meta":{"_et_pb_use_builder":"","_et_pb_old_content":"","_et_gb_content_width":""},"yoast_head":"<!-- This site is optimized with the Yoast SEO plugin v19.10 - https:\/\/yoast.com\/wordpress\/plugins\/seo\/ -->\n<title>Carole Dieschbourg - d\u00e9i gr\u00e9ng Eechternoach<\/title>\n<meta name=\"robots\" content=\"index, follow, max-snippet:-1, max-image-preview:large, max-video-preview:-1\" \/>\n<link rel=\"canonical\" href=\"http:\/\/grengechternach.lu\/wordpress\/eis-ekipp\/ar-equipe\/carole-dieschbourg\/\" \/>\n<meta property=\"og:locale\" content=\"de_DE\" \/>\n<meta property=\"og:type\" content=\"article\" \/>\n<meta property=\"og:title\" content=\"Carole Dieschbourg - d\u00e9i gr\u00e9ng Eechternoach\" \/>\n<meta property=\"og:description\" content=\"&nbsp; 34 Joer Zesummen mam Claude Hansen. Schafft am Familljebtrieb (Millen a Kaffisr\u00e9ischterei) M.A. an 1. Staatsexamen an Germanistik a Geschicht Aktiv an der Region M\u00ebllerdall: als Member a Matinitiator vun den M\u00ebllerdaller Regionalproduzenten, enger Leader-initiativ an als Buchautorin vun \u201cDie M\u00fchlen des M\u00fcllerthals\u201d Am Comit\u00e9 vum Mouvement \u00e9cologique Regioun M\u00ebllerdall 2010 bis Ufank 2011 [&hellip;]\" \/>\n<meta property=\"og:url\" content=\"http:\/\/grengechternach.lu\/wordpress\/eis-ekipp\/ar-equipe\/carole-dieschbourg\/\" \/>\n<meta property=\"og:site_name\" content=\"d\u00e9i gr\u00e9ng Eechternoach\" \/>\n<meta property=\"article:publisher\" content=\"https:\/\/www.facebook.com\/grengechternach\/\" \/>\n<meta property=\"article:modified_time\" content=\"2011-06-22T13:10:25+00:00\" \/>\n<meta property=\"og:image\" content=\"http:\/\/grengechternach.lu\/wordpress\/wp-content\/uploads\/2011\/06\/carole-dieschbourg.jpg\" \/>\n<meta name=\"twitter:card\" content=\"summary_large_image\" \/>\n<script type=\"application\/ld+json\" class=\"yoast-schema-graph\">{\"@context\":\"https:\/\/schema.org\",\"@graph\":[{\"@type\":\"WebPage\",\"@id\":\"http:\/\/grengechternach.lu\/wordpress\/eis-ekipp\/ar-equipe\/carole-dieschbourg\/\",\"url\":\"http:\/\/grengechternach.lu\/wordpress\/eis-ekipp\/ar-equipe\/carole-dieschbourg\/\",\"name\":\"Carole Dieschbourg - d\u00e9i gr\u00e9ng Eechternoach\",\"isPartOf\":{\"@id\":\"http:\/\/grengechternach.lu\/wordpress\/#website\"},\"datePublished\":\"2011-06-21T21:31:44+00:00\",\"dateModified\":\"2011-06-22T13:10:25+00:00\",\"breadcrumb\":{\"@id\":\"http:\/\/grengechternach.lu\/wordpress\/eis-ekipp\/ar-equipe\/carole-dieschbourg\/#breadcrumb\"},\"inLanguage\":\"de\",\"potentialAction\":[{\"@type\":\"ReadAction\",\"target\":[\"http:\/\/grengechternach.lu\/wordpress\/eis-ekipp\/ar-equipe\/carole-dieschbourg\/\"]}]},{\"@type\":\"BreadcrumbList\",\"@id\":\"http:\/\/grengechternach.lu\/wordpress\/eis-ekipp\/ar-equipe\/carole-dieschbourg\/#breadcrumb\",\"itemListElement\":[{\"@type\":\"ListItem\",\"position\":1,\"name\":\"Startseite\",\"item\":\"http:\/\/grengechternach.lu\/wordpress\/\"},{\"@type\":\"ListItem\",\"position\":2,\"name\":\"Wahlen 2011\",\"item\":\"https:\/\/grengechternach.lu\/wordpress\/eis-ekipp\/\"},{\"@type\":\"ListItem\",\"position\":3,\"name\":\"\u00c4r \u00c9quipe\",\"item\":\"http:\/\/grengechternach.lu\/wordpress\/eis-ekipp\/ar-equipe\/\"},{\"@type\":\"ListItem\",\"position\":4,\"name\":\"Carole Dieschbourg\"}]},{\"@type\":\"WebSite\",\"@id\":\"http:\/\/grengechternach.lu\/wordpress\/#website\",\"url\":\"http:\/\/grengechternach.lu\/wordpress\/\",\"name\":\"d\u00e9i gr\u00e9ng Eechternoach\",\"description\":\"\",\"publisher\":{\"@id\":\"http:\/\/grengechternach.lu\/wordpress\/#organization\"},\"potentialAction\":[{\"@type\":\"SearchAction\",\"target\":{\"@type\":\"EntryPoint\",\"urlTemplate\":\"http:\/\/grengechternach.lu\/wordpress\/?s={search_term_string}\"},\"query-input\":\"required name=search_term_string\"}],\"inLanguage\":\"de\"},{\"@type\":\"Organization\",\"@id\":\"http:\/\/grengechternach.lu\/wordpress\/#organization\",\"name\":\"d\u00e9i gr\u00e9ng Eechternoach\",\"url\":\"http:\/\/grengechternach.lu\/wordpress\/\",\"logo\":{\"@type\":\"ImageObject\",\"inLanguage\":\"de\",\"@id\":\"http:\/\/grengechternach.lu\/wordpress\/#\/schema\/logo\/image\/\",\"url\":\"http:\/\/grengechternach.lu\/wordpress\/wp-content\/uploads\/2017\/03\/greng-echternach-logo.png\",\"contentUrl\":\"http:\/\/grengechternach.lu\/wordpress\/wp-content\/uploads\/2017\/03\/greng-echternach-logo.png\",\"width\":151,\"height\":125,\"caption\":\"d\u00e9i gr\u00e9ng Eechternoach\"},\"image\":{\"@id\":\"http:\/\/grengechternach.lu\/wordpress\/#\/schema\/logo\/image\/\"},\"sameAs\":[\"https:\/\/www.instagram.com\/deigrengeechternoach\/\",\"https:\/\/www.facebook.com\/grengechternach\/\"]}]}<\/script>\n<!-- \/ Yoast SEO plugin. -->","yoast_head_json":{"title":"Carole Dieschbourg - d\u00e9i gr\u00e9ng Eechternoach","robots":{"index":"index","follow":"follow","max-snippet":"max-snippet:-1","max-image-preview":"max-image-preview:large","max-video-preview":"max-video-preview:-1"},"canonical":"http:\/\/grengechternach.lu\/wordpress\/eis-ekipp\/ar-equipe\/carole-dieschbourg\/","og_locale":"de_DE","og_type":"article","og_title":"Carole Dieschbourg - d\u00e9i gr\u00e9ng Eechternoach","og_description":"&nbsp; 34 Joer Zesummen mam Claude Hansen. Schafft am Familljebtrieb (Millen a Kaffisr\u00e9ischterei) M.A. an 1. Staatsexamen an Germanistik a Geschicht Aktiv an der Region M\u00ebllerdall: als Member a Matinitiator vun den M\u00ebllerdaller Regionalproduzenten, enger Leader-initiativ an als Buchautorin vun \u201cDie M\u00fchlen des M\u00fcllerthals\u201d Am Comit\u00e9 vum Mouvement \u00e9cologique Regioun M\u00ebllerdall 2010 bis Ufank 2011 [&hellip;]","og_url":"http:\/\/grengechternach.lu\/wordpress\/eis-ekipp\/ar-equipe\/carole-dieschbourg\/","og_site_name":"d\u00e9i gr\u00e9ng Eechternoach","article_publisher":"https:\/\/www.facebook.com\/grengechternach\/","article_modified_time":"2011-06-22T13:10:25+00:00","og_image":[{"url":"http:\/\/grengechternach.lu\/wordpress\/wp-content\/uploads\/2011\/06\/carole-dieschbourg.jpg"}],"twitter_card":"summary_large_image","schema":{"@context":"https:\/\/schema.org","@graph":[{"@type":"WebPage","@id":"http:\/\/grengechternach.lu\/wordpress\/eis-ekipp\/ar-equipe\/carole-dieschbourg\/","url":"http:\/\/grengechternach.lu\/wordpress\/eis-ekipp\/ar-equipe\/carole-dieschbourg\/","name":"Carole Dieschbourg - d\u00e9i gr\u00e9ng Eechternoach","isPartOf":{"@id":"http:\/\/grengechternach.lu\/wordpress\/#website"},"datePublished":"2011-06-21T21:31:44+00:00","dateModified":"2011-06-22T13:10:25+00:00","breadcrumb":{"@id":"http:\/\/grengechternach.lu\/wordpress\/eis-ekipp\/ar-equipe\/carole-dieschbourg\/#breadcrumb"},"inLanguage":"de","potentialAction":[{"@type":"ReadAction","target":["http:\/\/grengechternach.lu\/wordpress\/eis-ekipp\/ar-equipe\/carole-dieschbourg\/"]}]},{"@type":"BreadcrumbList","@id":"http:\/\/grengechternach.lu\/wordpress\/eis-ekipp\/ar-equipe\/carole-dieschbourg\/#breadcrumb","itemListElement":[{"@type":"ListItem","position":1,"name":"Startseite","item":"http:\/\/grengechternach.lu\/wordpress\/"},{"@type":"ListItem","position":2,"name":"Wahlen 2011","item":"https:\/\/grengechternach.lu\/wordpress\/eis-ekipp\/"},{"@type":"ListItem","position":3,"name":"\u00c4r \u00c9quipe","item":"http:\/\/grengechternach.lu\/wordpress\/eis-ekipp\/ar-equipe\/"},{"@type":"ListItem","position":4,"name":"Carole Dieschbourg"}]},{"@type":"WebSite","@id":"http:\/\/grengechternach.lu\/wordpress\/#website","url":"http:\/\/grengechternach.lu\/wordpress\/","name":"d\u00e9i gr\u00e9ng Eechternoach","description":"","publisher":{"@id":"http:\/\/grengechternach.lu\/wordpress\/#organization"},"potentialAction":[{"@type":"SearchAction","target":{"@type":"EntryPoint","urlTemplate":"http:\/\/grengechternach.lu\/wordpress\/?s={search_term_string}"},"query-input":"required name=search_term_string"}],"inLanguage":"de"},{"@type":"Organization","@id":"http:\/\/grengechternach.lu\/wordpress\/#organization","name":"d\u00e9i gr\u00e9ng Eechternoach","url":"http:\/\/grengechternach.lu\/wordpress\/","logo":{"@type":"ImageObject","inLanguage":"de","@id":"http:\/\/grengechternach.lu\/wordpress\/#\/schema\/logo\/image\/","url":"http:\/\/grengechternach.lu\/wordpress\/wp-content\/uploads\/2017\/03\/greng-echternach-logo.png","contentUrl":"http:\/\/grengechternach.lu\/wordpress\/wp-content\/uploads\/2017\/03\/greng-echternach-logo.png","width":151,"height":125,"caption":"d\u00e9i gr\u00e9ng Eechternoach"},"image":{"@id":"http:\/\/grengechternach.lu\/wordpress\/#\/schema\/logo\/image\/"},"sameAs":["https:\/\/www.instagram.com\/deigrengeechternoach\/","https:\/\/www.facebook.com\/grengechternach\/"]}]}},"_links":{"self":[{"href":"http:\/\/grengechternach.lu\/wordpress\/wp-json\/wp\/v2\/pages\/336"}],"collection":[{"href":"http:\/\/grengechternach.lu\/wordpress\/wp-json\/wp\/v2\/pages"}],"about":[{"href":"http:\/\/grengechternach.lu\/wordpress\/wp-json\/wp\/v2\/types\/page"}],"author":[{"embeddable":true,"href":"http:\/\/grengechternach.lu\/wordpress\/wp-json\/wp\/v2\/users\/4"}],"replies":[{"embeddable":true,"href":"http:\/\/grengechternach.lu\/wordpress\/wp-json\/wp\/v2\/comments?post=336"}],"version-history":[{"count":22,"href":"http:\/\/grengechternach.lu\/wordpress\/wp-json\/wp\/v2\/pages\/336\/revisions"}],"predecessor-version":[{"id":402,"href":"http:\/\/grengechternach.lu\/wordpress\/wp-json\/wp\/v2\/pages\/336\/revisions\/402"}],"up":[{"embeddable":true,"href":"http:\/\/grengechternach.lu\/wordpress\/wp-json\/wp\/v2\/pages\/293"}],"wp:attachment":[{"href":"http:\/\/grengechternach.lu\/wordpress\/wp-json\/wp\/v2\/media?parent=336"}],"curies":[{"name":"wp","href":"https:\/\/api.w.org\/{rel}","templated":true}]}}