{"id":397,"date":"2011-06-21T23:51:11","date_gmt":"2011-06-21T21:51:11","guid":{"rendered":"http:\/\/grengechternach.lu\/wordpress\/?page_id=397"},"modified":"2011-06-22T15:21:53","modified_gmt":"2011-06-22T13:21:53","slug":"carole-zeimetz","status":"publish","type":"page","link":"http:\/\/grengechternach.lu\/wordpress\/eis-ekipp\/ar-equipe\/carole-zeimetz\/","title":{"rendered":"Carole Zeimetz"},"content":{"rendered":"<p><img decoding=\"async\" loading=\"lazy\" class=\"alignleft size-full wp-image-370\" title=\"Carole Zeimetz\" src=\"http:\/\/grengechternach.lu\/wordpress\/wp-content\/uploads\/2011\/06\/carole-zeimetz.jpg\" alt=\"\" width=\"300\" height=\"450\" srcset=\"http:\/\/grengechternach.lu\/wordpress\/wp-content\/uploads\/2011\/06\/carole-zeimetz.jpg 300w, http:\/\/grengechternach.lu\/wordpress\/wp-content\/uploads\/2011\/06\/carole-zeimetz-200x300.jpg 200w, http:\/\/grengechternach.lu\/wordpress\/wp-content\/uploads\/2011\/06\/carole-zeimetz-100x150.jpg 100w\" sizes=\"(max-width: 300px) 100vw, 300px\" \/><\/p>\n<p>&nbsp;<\/p>\n<p>37 Joer.<\/p>\n<p>Bestued mam Fran\u00e7ois Mehbod, zwee Kanner<\/p>\n<p>Kin\u00e9sith\u00e9rapeutin mat eegener Praxis.<\/p>\n<p>Ehemoleg Competitiouns-Schw\u00ebmmerin an aktiv Taucherin.<\/p>\n<p>War Kin\u00e9 vun der Damenbaskets\u00e9quipe vum T71 Diddeleng.<\/p>\n<p>Hobbien: Schwammen, Tauchen, Wanderen.<\/p>\n","protected":false},"excerpt":{"rendered":"<p>&nbsp; 37 Joer. Bestued mam Fran\u00e7ois Mehbod, zwee Kanner Kin\u00e9sith\u00e9rapeutin mat eegener Praxis. Ehemoleg Competitiouns-Schw\u00ebmmerin an aktiv Taucherin. War Kin\u00e9 vun der Damenbaskets\u00e9quipe vum T71 Diddeleng. Hobbien: Schwammen, Tauchen, Wanderen.<\/p>\n","protected":false},"author":4,"featured_media":0,"parent":293,"menu_order":11,"comment_status":"closed","ping_status":"closed","template":"","meta":{"_et_pb_use_builder":"","_et_pb_old_content":"","_et_gb_content_width":""},"yoast_head":"<!-- This site is optimized with the Yoast SEO plugin v19.10 - https:\/\/yoast.com\/wordpress\/plugins\/seo\/ -->\n<title>Carole Zeimetz - d\u00e9i gr\u00e9ng Eechternoach<\/title>\n<meta name=\"robots\" content=\"index, follow, max-snippet:-1, max-image-preview:large, max-video-preview:-1\" \/>\n<link rel=\"canonical\" href=\"http:\/\/grengechternach.lu\/wordpress\/eis-ekipp\/ar-equipe\/carole-zeimetz\/\" \/>\n<meta property=\"og:locale\" content=\"de_DE\" \/>\n<meta property=\"og:type\" content=\"article\" \/>\n<meta property=\"og:title\" content=\"Carole Zeimetz - d\u00e9i gr\u00e9ng Eechternoach\" \/>\n<meta property=\"og:description\" content=\"&nbsp; 37 Joer. Bestued mam Fran\u00e7ois Mehbod, zwee Kanner Kin\u00e9sith\u00e9rapeutin mat eegener Praxis. Ehemoleg Competitiouns-Schw\u00ebmmerin an aktiv Taucherin. War Kin\u00e9 vun der Damenbaskets\u00e9quipe vum T71 Diddeleng. Hobbien: Schwammen, Tauchen, Wanderen.\" \/>\n<meta property=\"og:url\" content=\"http:\/\/grengechternach.lu\/wordpress\/eis-ekipp\/ar-equipe\/carole-zeimetz\/\" \/>\n<meta property=\"og:site_name\" content=\"d\u00e9i gr\u00e9ng Eechternoach\" \/>\n<meta property=\"article:publisher\" content=\"https:\/\/www.facebook.com\/grengechternach\/\" \/>\n<meta property=\"article:modified_time\" content=\"2011-06-22T13:21:53+00:00\" \/>\n<meta property=\"og:image\" content=\"http:\/\/grengechternach.lu\/wordpress\/wp-content\/uploads\/2011\/06\/carole-zeimetz.jpg\" \/>\n<meta name=\"twitter:card\" content=\"summary_large_image\" \/>\n<script type=\"application\/ld+json\" class=\"yoast-schema-graph\">{\"@context\":\"https:\/\/schema.org\",\"@graph\":[{\"@type\":\"WebPage\",\"@id\":\"http:\/\/grengechternach.lu\/wordpress\/eis-ekipp\/ar-equipe\/carole-zeimetz\/\",\"url\":\"http:\/\/grengechternach.lu\/wordpress\/eis-ekipp\/ar-equipe\/carole-zeimetz\/\",\"name\":\"Carole Zeimetz - d\u00e9i gr\u00e9ng Eechternoach\",\"isPartOf\":{\"@id\":\"http:\/\/grengechternach.lu\/wordpress\/#website\"},\"datePublished\":\"2011-06-21T21:51:11+00:00\",\"dateModified\":\"2011-06-22T13:21:53+00:00\",\"breadcrumb\":{\"@id\":\"http:\/\/grengechternach.lu\/wordpress\/eis-ekipp\/ar-equipe\/carole-zeimetz\/#breadcrumb\"},\"inLanguage\":\"de\",\"potentialAction\":[{\"@type\":\"ReadAction\",\"target\":[\"http:\/\/grengechternach.lu\/wordpress\/eis-ekipp\/ar-equipe\/carole-zeimetz\/\"]}]},{\"@type\":\"BreadcrumbList\",\"@id\":\"http:\/\/grengechternach.lu\/wordpress\/eis-ekipp\/ar-equipe\/carole-zeimetz\/#breadcrumb\",\"itemListElement\":[{\"@type\":\"ListItem\",\"position\":1,\"name\":\"Startseite\",\"item\":\"http:\/\/grengechternach.lu\/wordpress\/\"},{\"@type\":\"ListItem\",\"position\":2,\"name\":\"Wahlen 2011\",\"item\":\"https:\/\/grengechternach.lu\/wordpress\/eis-ekipp\/\"},{\"@type\":\"ListItem\",\"position\":3,\"name\":\"\u00c4r \u00c9quipe\",\"item\":\"http:\/\/grengechternach.lu\/wordpress\/eis-ekipp\/ar-equipe\/\"},{\"@type\":\"ListItem\",\"position\":4,\"name\":\"Carole Zeimetz\"}]},{\"@type\":\"WebSite\",\"@id\":\"http:\/\/grengechternach.lu\/wordpress\/#website\",\"url\":\"http:\/\/grengechternach.lu\/wordpress\/\",\"name\":\"d\u00e9i gr\u00e9ng Eechternoach\",\"description\":\"\",\"publisher\":{\"@id\":\"http:\/\/grengechternach.lu\/wordpress\/#organization\"},\"potentialAction\":[{\"@type\":\"SearchAction\",\"target\":{\"@type\":\"EntryPoint\",\"urlTemplate\":\"http:\/\/grengechternach.lu\/wordpress\/?s={search_term_string}\"},\"query-input\":\"required name=search_term_string\"}],\"inLanguage\":\"de\"},{\"@type\":\"Organization\",\"@id\":\"http:\/\/grengechternach.lu\/wordpress\/#organization\",\"name\":\"d\u00e9i gr\u00e9ng Eechternoach\",\"url\":\"http:\/\/grengechternach.lu\/wordpress\/\",\"logo\":{\"@type\":\"ImageObject\",\"inLanguage\":\"de\",\"@id\":\"http:\/\/grengechternach.lu\/wordpress\/#\/schema\/logo\/image\/\",\"url\":\"http:\/\/grengechternach.lu\/wordpress\/wp-content\/uploads\/2017\/03\/greng-echternach-logo.png\",\"contentUrl\":\"http:\/\/grengechternach.lu\/wordpress\/wp-content\/uploads\/2017\/03\/greng-echternach-logo.png\",\"width\":151,\"height\":125,\"caption\":\"d\u00e9i gr\u00e9ng Eechternoach\"},\"image\":{\"@id\":\"http:\/\/grengechternach.lu\/wordpress\/#\/schema\/logo\/image\/\"},\"sameAs\":[\"https:\/\/www.instagram.com\/deigrengeechternoach\/\",\"https:\/\/www.facebook.com\/grengechternach\/\"]}]}<\/script>\n<!-- \/ Yoast SEO plugin. -->","yoast_head_json":{"title":"Carole Zeimetz - d\u00e9i gr\u00e9ng Eechternoach","robots":{"index":"index","follow":"follow","max-snippet":"max-snippet:-1","max-image-preview":"max-image-preview:large","max-video-preview":"max-video-preview:-1"},"canonical":"http:\/\/grengechternach.lu\/wordpress\/eis-ekipp\/ar-equipe\/carole-zeimetz\/","og_locale":"de_DE","og_type":"article","og_title":"Carole Zeimetz - d\u00e9i gr\u00e9ng Eechternoach","og_description":"&nbsp; 37 Joer. Bestued mam Fran\u00e7ois Mehbod, zwee Kanner Kin\u00e9sith\u00e9rapeutin mat eegener Praxis. Ehemoleg Competitiouns-Schw\u00ebmmerin an aktiv Taucherin. War Kin\u00e9 vun der Damenbaskets\u00e9quipe vum T71 Diddeleng. Hobbien: Schwammen, Tauchen, Wanderen.","og_url":"http:\/\/grengechternach.lu\/wordpress\/eis-ekipp\/ar-equipe\/carole-zeimetz\/","og_site_name":"d\u00e9i gr\u00e9ng Eechternoach","article_publisher":"https:\/\/www.facebook.com\/grengechternach\/","article_modified_time":"2011-06-22T13:21:53+00:00","og_image":[{"url":"http:\/\/grengechternach.lu\/wordpress\/wp-content\/uploads\/2011\/06\/carole-zeimetz.jpg"}],"twitter_card":"summary_large_image","schema":{"@context":"https:\/\/schema.org","@graph":[{"@type":"WebPage","@id":"http:\/\/grengechternach.lu\/wordpress\/eis-ekipp\/ar-equipe\/carole-zeimetz\/","url":"http:\/\/grengechternach.lu\/wordpress\/eis-ekipp\/ar-equipe\/carole-zeimetz\/","name":"Carole Zeimetz - d\u00e9i gr\u00e9ng Eechternoach","isPartOf":{"@id":"http:\/\/grengechternach.lu\/wordpress\/#website"},"datePublished":"2011-06-21T21:51:11+00:00","dateModified":"2011-06-22T13:21:53+00:00","breadcrumb":{"@id":"http:\/\/grengechternach.lu\/wordpress\/eis-ekipp\/ar-equipe\/carole-zeimetz\/#breadcrumb"},"inLanguage":"de","potentialAction":[{"@type":"ReadAction","target":["http:\/\/grengechternach.lu\/wordpress\/eis-ekipp\/ar-equipe\/carole-zeimetz\/"]}]},{"@type":"BreadcrumbList","@id":"http:\/\/grengechternach.lu\/wordpress\/eis-ekipp\/ar-equipe\/carole-zeimetz\/#breadcrumb","itemListElement":[{"@type":"ListItem","position":1,"name":"Startseite","item":"http:\/\/grengechternach.lu\/wordpress\/"},{"@type":"ListItem","position":2,"name":"Wahlen 2011","item":"https:\/\/grengechternach.lu\/wordpress\/eis-ekipp\/"},{"@type":"ListItem","position":3,"name":"\u00c4r \u00c9quipe","item":"http:\/\/grengechternach.lu\/wordpress\/eis-ekipp\/ar-equipe\/"},{"@type":"ListItem","position":4,"name":"Carole Zeimetz"}]},{"@type":"WebSite","@id":"http:\/\/grengechternach.lu\/wordpress\/#website","url":"http:\/\/grengechternach.lu\/wordpress\/","name":"d\u00e9i gr\u00e9ng Eechternoach","description":"","publisher":{"@id":"http:\/\/grengechternach.lu\/wordpress\/#organization"},"potentialAction":[{"@type":"SearchAction","target":{"@type":"EntryPoint","urlTemplate":"http:\/\/grengechternach.lu\/wordpress\/?s={search_term_string}"},"query-input":"required name=search_term_string"}],"inLanguage":"de"},{"@type":"Organization","@id":"http:\/\/grengechternach.lu\/wordpress\/#organization","name":"d\u00e9i gr\u00e9ng Eechternoach","url":"http:\/\/grengechternach.lu\/wordpress\/","logo":{"@type":"ImageObject","inLanguage":"de","@id":"http:\/\/grengechternach.lu\/wordpress\/#\/schema\/logo\/image\/","url":"http:\/\/grengechternach.lu\/wordpress\/wp-content\/uploads\/2017\/03\/greng-echternach-logo.png","contentUrl":"http:\/\/grengechternach.lu\/wordpress\/wp-content\/uploads\/2017\/03\/greng-echternach-logo.png","width":151,"height":125,"caption":"d\u00e9i gr\u00e9ng Eechternoach"},"image":{"@id":"http:\/\/grengechternach.lu\/wordpress\/#\/schema\/logo\/image\/"},"sameAs":["https:\/\/www.instagram.com\/deigrengeechternoach\/","https:\/\/www.facebook.com\/grengechternach\/"]}]}},"_links":{"self":[{"href":"http:\/\/grengechternach.lu\/wordpress\/wp-json\/wp\/v2\/pages\/397"}],"collection":[{"href":"http:\/\/grengechternach.lu\/wordpress\/wp-json\/wp\/v2\/pages"}],"about":[{"href":"http:\/\/grengechternach.lu\/wordpress\/wp-json\/wp\/v2\/types\/page"}],"author":[{"embeddable":true,"href":"http:\/\/grengechternach.lu\/wordpress\/wp-json\/wp\/v2\/users\/4"}],"replies":[{"embeddable":true,"href":"http:\/\/grengechternach.lu\/wordpress\/wp-json\/wp\/v2\/comments?post=397"}],"version-history":[{"count":5,"href":"http:\/\/grengechternach.lu\/wordpress\/wp-json\/wp\/v2\/pages\/397\/revisions"}],"predecessor-version":[{"id":447,"href":"http:\/\/grengechternach.lu\/wordpress\/wp-json\/wp\/v2\/pages\/397\/revisions\/447"}],"up":[{"embeddable":true,"href":"http:\/\/grengechternach.lu\/wordpress\/wp-json\/wp\/v2\/pages\/293"}],"wp:attachment":[{"href":"http:\/\/grengechternach.lu\/wordpress\/wp-json\/wp\/v2\/media?parent=397"}],"curies":[{"name":"wp","href":"https:\/\/api.w.org\/{rel}","templated":true}]}}